{"id":1628,"date":"2022-07-14T12:49:33","date_gmt":"2022-07-14T12:49:33","guid":{"rendered":"https:\/\/oduduwaeuropeshop.com\/shop\/esu-t-shirt-black-tailored-fit\/"},"modified":"2025-11-27T18:17:00","modified_gmt":"2025-11-27T17:17:00","slug":"esu-majica-crna-tajlirana","status":"publish","type":"product","link":"https:\/\/oduduwaeuropeshop.com\/sl\/izdelek\/esu-majica-crna-tajlirana\/","title":{"rendered":"\u010crna majica s podobo E\u0161uja; tajlirana"},"content":{"rendered":"<p><strong>Majica s podobo E\u0161uja, tajlirana<\/strong><\/p>\n<p>Sestava: 92 % bomba\u017e, 8 % elastan<\/p>\n<p>Barva: \u010drna<\/p>\n<p>Velikosti: S, M, L, XL, XXL, XXXL, 4XL, 5XL (Zaloga je omejena.)<\/p>\n<p>Dol\u017eina: obi\u010dajna<\/p>\n<p>Izrez: okrogel<\/p>\n<p>Dol\u017eina rokavov: kratki<\/p>\n","protected":false},"excerpt":{"rendered":"<p>Obogatite svojo garderobo s \u010drno majico s podobo E\u0161uja.<\/p>\n<p>Pokon\u010dnost celopostavnega portreta ori\u0161e <em>E\u0161u<\/em> nakazuje, da ta duhovni bojevnik iz prav vsake bitke izstopi kot zmagovalec.<\/p>\n<p>Na voljo sta dva kroja: <a href=\"https:\/\/oduduwaeuropeshop.com\/sl\/izdelek\/esu-majica-crna-regular\/\">obi\u010dajni kroj<\/a> in tajlirani kroj.<\/p>\n","protected":false},"featured_media":4182,"comment_status":"open","ping_status":"closed","template":"","meta":{"ocean_post_layout":"","ocean_both_sidebars_style":"","ocean_both_sidebars_content_width":0,"ocean_both_sidebars_sidebars_width":0,"ocean_sidebar":"0","ocean_second_sidebar":"0","ocean_disable_margins":"enable","ocean_add_body_class":"","ocean_shortcode_before_top_bar":"","ocean_shortcode_after_top_bar":"","ocean_shortcode_before_header":"","ocean_shortcode_after_header":"","ocean_has_shortcode":"","ocean_shortcode_after_title":"","ocean_shortcode_before_footer_widgets":"","ocean_shortcode_after_footer_widgets":"","ocean_shortcode_before_footer_bottom":"","ocean_shortcode_after_footer_bottom":"","ocean_display_top_bar":"default","ocean_display_header":"default","ocean_header_style":"","ocean_center_header_left_menu":"0","ocean_custom_header_template":"0","ocean_custom_logo":0,"ocean_custom_retina_logo":0,"ocean_custom_logo_max_width":0,"ocean_custom_logo_tablet_max_width":0,"ocean_custom_logo_mobile_max_width":0,"ocean_custom_logo_max_height":0,"ocean_custom_logo_tablet_max_height":0,"ocean_custom_logo_mobile_max_height":0,"ocean_header_custom_menu":"0","ocean_menu_typo_font_family":"0","ocean_menu_typo_font_subset":"","ocean_menu_typo_font_size":0,"ocean_menu_typo_font_size_tablet":0,"ocean_menu_typo_font_size_mobile":0,"ocean_menu_typo_font_size_unit":"px","ocean_menu_typo_font_weight":"","ocean_menu_typo_font_weight_tablet":"","ocean_menu_typo_font_weight_mobile":"","ocean_menu_typo_transform":"","ocean_menu_typo_transform_tablet":"","ocean_menu_typo_transform_mobile":"","ocean_menu_typo_line_height":0,"ocean_menu_typo_line_height_tablet":0,"ocean_menu_typo_line_height_mobile":0,"ocean_menu_typo_line_height_unit":"","ocean_menu_typo_spacing":0,"ocean_menu_typo_spacing_tablet":0,"ocean_menu_typo_spacing_mobile":0,"ocean_menu_typo_spacing_unit":"","ocean_menu_link_color":"","ocean_menu_link_color_hover":"","ocean_menu_link_color_active":"","ocean_menu_link_background":"","ocean_menu_link_hover_background":"","ocean_menu_link_active_background":"","ocean_menu_social_links_bg":"","ocean_menu_social_hover_links_bg":"","ocean_menu_social_links_color":"","ocean_menu_social_hover_links_color":"","ocean_disable_title":"default","ocean_disable_heading":"default","ocean_post_title":"","ocean_post_subheading":"","ocean_post_title_style":"","ocean_post_title_background_color":"","ocean_post_title_background":0,"ocean_post_title_bg_image_position":"","ocean_post_title_bg_image_attachment":"","ocean_post_title_bg_image_repeat":"","ocean_post_title_bg_image_size":"","ocean_post_title_height":0,"ocean_post_title_bg_overlay":0.5,"ocean_post_title_bg_overlay_color":"","ocean_disable_breadcrumbs":"default","ocean_breadcrumbs_color":"","ocean_breadcrumbs_separator_color":"","ocean_breadcrumbs_links_color":"","ocean_breadcrumbs_links_hover_color":"","ocean_display_footer_widgets":"default","ocean_display_footer_bottom":"default","ocean_custom_footer_template":"0"},"product_brand":[],"product_cat":[102],"product_tag":[],"class_list":{"0":"post-1628","1":"product","2":"type-product","3":"status-publish","4":"has-post-thumbnail","6":"product_cat-esu-vedno-prvi","8":"entry","9":"has-media","11":"first","12":"instock","13":"taxable","14":"shipping-taxable","15":"purchasable","16":"product-type-variable","17":"has-product-nav","18":"col","19":"span_1_of_4","20":"owp-content-center","21":"owp-thumbs-layout-horizontal","22":"owp-btn-normal","23":"owp-tabs-layout-horizontal"},"_links":{"self":[{"href":"https:\/\/oduduwaeuropeshop.com\/sl\/wp-json\/wp\/v2\/product\/1628","targetHints":{"allow":["GET"]}}],"collection":[{"href":"https:\/\/oduduwaeuropeshop.com\/sl\/wp-json\/wp\/v2\/product"}],"about":[{"href":"https:\/\/oduduwaeuropeshop.com\/sl\/wp-json\/wp\/v2\/types\/product"}],"replies":[{"embeddable":true,"href":"https:\/\/oduduwaeuropeshop.com\/sl\/wp-json\/wp\/v2\/comments?post=1628"}],"wp:featuredmedia":[{"embeddable":true,"href":"https:\/\/oduduwaeuropeshop.com\/sl\/wp-json\/wp\/v2\/media\/4182"}],"wp:attachment":[{"href":"https:\/\/oduduwaeuropeshop.com\/sl\/wp-json\/wp\/v2\/media?parent=1628"}],"wp:term":[{"taxonomy":"product_brand","embeddable":true,"href":"https:\/\/oduduwaeuropeshop.com\/sl\/wp-json\/wp\/v2\/product_brand?post=1628"},{"taxonomy":"product_cat","embeddable":true,"href":"https:\/\/oduduwaeuropeshop.com\/sl\/wp-json\/wp\/v2\/product_cat?post=1628"},{"taxonomy":"product_tag","embeddable":true,"href":"https:\/\/oduduwaeuropeshop.com\/sl\/wp-json\/wp\/v2\/product_tag?post=1628"}],"curies":[{"name":"wp","href":"https:\/\/api.w.org\/{rel}","templated":true}]}}