{"id":3504,"date":"2025-04-15T08:22:19","date_gmt":"2025-04-15T07:22:19","guid":{"rendered":"https:\/\/oduduwaeuropeshop.com\/shop\/6-mesecni-neomejeni-dostop-do-posnetka-modul-1\/"},"modified":"2025-08-12T07:17:12","modified_gmt":"2025-08-12T06:17:12","slug":"6-mesecni-neomejeni-dostop-do-posnetka-modul-1","status":"publish","type":"product","link":"https:\/\/oduduwaeuropeshop.com\/sl\/izdelek\/6-mesecni-neomejeni-dostop-do-posnetka-modul-1\/","title":{"rendered":"6-mese\u010dni neomejeni dostop do posnetka MODUL 1"},"content":{"rendered":"<p>6-mese\u010dni neomejeni dostop do posnetka MODUL 1<br \/>\n<strong>\u00ccm\u00f2\u0323, o\u0323ran, \u00f2m\u00f2r\u00e0n, ogb\u00f3n, oye, in iriri<\/strong><\/p>\n<p><strong>Cena<\/strong>: 100 \u20ac brez DDV<br \/>\n<strong>Trajanje modula<\/strong>: 7 ur<br \/>\n<strong>Jezik<\/strong>: angle\u0161\u010dina (s konsekutivnim tolma\u010denjem v sloven\u0161\u010dino)<br \/>\n<strong>Dostop<\/strong>: Dostop do posnetka modula bo na voljo 6 mesecev po opravljenem nakupu.<br \/>\n<strong>Ve\u010d<\/strong>: <a href=\"https:\/\/www.oduduwa-europe.com\/2025-courses\/\" target=\"_blank\" rel=\"noopener\">Opis te\u010daja<\/a><\/p>\n","protected":false},"excerpt":{"rendered":"<p>Jorubi pravijo, da se modrosti u\u010dimo prek modrosti drugih. Pridobite nove uvide s pomo\u010djo bogatega znanja, ki ga deli babalori\u0161a Ad\u00e9s\u0323\u00edna S\u00edk\u00edr\u00f9 S\u00e0l\u00e1m\u00ec \u2013 B\u00e0b\u00e1 King, in se potopite v globo\u010dine jorubske duhovnosti.<\/p>\n<p>Profesor S\u00e0l\u00e1m\u00ec vodi 7-urni nadaljevalni te\u010daj na temo \u201c<strong>\u00ccm\u00f2\u0323, o\u0323ran, \u00f2m\u00f2r\u00e0n, ogb\u00f3n, oye, in iriri<\/strong>\u201d.<\/p>\n<p>Ve\u010d: <a href=\"https:\/\/www.oduduwa-europe.com\/2025-courses\/\" target=\"_blank\" rel=\"noopener\">Opis te\u010daja<\/a><\/p>\n<p>&nbsp;<\/p>\n<p>*POMEMBNO OBVESTILO<br \/>\n\u010ce \u017eelite, da ra\u010dun izdamo na naslov va\u0161ega podjetja, vas prosimo, da nam pred nakupom pi\u0161ete na <a href=\"mailto:info@oduduwa-europe.com\">info@oduduwa-europe.com<\/a>.<\/p>\n<p>**DOSTOP<br \/>\nDostop do posnetka modula bo na voljo \u0161est mesecev po opravljenem nakupu.<\/p>\n","protected":false},"featured_media":3506,"comment_status":"closed","ping_status":"closed","template":"","meta":{"ocean_post_layout":"","ocean_both_sidebars_style":"","ocean_both_sidebars_content_width":0,"ocean_both_sidebars_sidebars_width":0,"ocean_sidebar":"0","ocean_second_sidebar":"0","ocean_disable_margins":"enable","ocean_add_body_class":"","ocean_shortcode_before_top_bar":"","ocean_shortcode_after_top_bar":"","ocean_shortcode_before_header":"","ocean_shortcode_after_header":"","ocean_has_shortcode":"","ocean_shortcode_after_title":"","ocean_shortcode_before_footer_widgets":"","ocean_shortcode_after_footer_widgets":"","ocean_shortcode_before_footer_bottom":"","ocean_shortcode_after_footer_bottom":"","ocean_display_top_bar":"default","ocean_display_header":"default","ocean_header_style":"","ocean_center_header_left_menu":"0","ocean_custom_header_template":"0","ocean_custom_logo":0,"ocean_custom_retina_logo":0,"ocean_custom_logo_max_width":0,"ocean_custom_logo_tablet_max_width":0,"ocean_custom_logo_mobile_max_width":0,"ocean_custom_logo_max_height":0,"ocean_custom_logo_tablet_max_height":0,"ocean_custom_logo_mobile_max_height":0,"ocean_header_custom_menu":"0","ocean_menu_typo_font_family":"0","ocean_menu_typo_font_subset":"","ocean_menu_typo_font_size":0,"ocean_menu_typo_font_size_tablet":0,"ocean_menu_typo_font_size_mobile":0,"ocean_menu_typo_font_size_unit":"px","ocean_menu_typo_font_weight":"","ocean_menu_typo_font_weight_tablet":"","ocean_menu_typo_font_weight_mobile":"","ocean_menu_typo_transform":"","ocean_menu_typo_transform_tablet":"","ocean_menu_typo_transform_mobile":"","ocean_menu_typo_line_height":0,"ocean_menu_typo_line_height_tablet":0,"ocean_menu_typo_line_height_mobile":0,"ocean_menu_typo_line_height_unit":"","ocean_menu_typo_spacing":0,"ocean_menu_typo_spacing_tablet":0,"ocean_menu_typo_spacing_mobile":0,"ocean_menu_typo_spacing_unit":"","ocean_menu_link_color":"","ocean_menu_link_color_hover":"","ocean_menu_link_color_active":"","ocean_menu_link_background":"","ocean_menu_link_hover_background":"","ocean_menu_link_active_background":"","ocean_menu_social_links_bg":"","ocean_menu_social_hover_links_bg":"","ocean_menu_social_links_color":"","ocean_menu_social_hover_links_color":"","ocean_disable_title":"default","ocean_disable_heading":"default","ocean_post_title":"","ocean_post_subheading":"","ocean_post_title_style":"","ocean_post_title_background_color":"","ocean_post_title_background":0,"ocean_post_title_bg_image_position":"","ocean_post_title_bg_image_attachment":"","ocean_post_title_bg_image_repeat":"","ocean_post_title_bg_image_size":"","ocean_post_title_height":0,"ocean_post_title_bg_overlay":0.5,"ocean_post_title_bg_overlay_color":"","ocean_disable_breadcrumbs":"default","ocean_breadcrumbs_color":"","ocean_breadcrumbs_separator_color":"","ocean_breadcrumbs_links_color":"","ocean_breadcrumbs_links_hover_color":"","ocean_display_footer_widgets":"default","ocean_display_footer_bottom":"default","ocean_custom_footer_template":"0"},"product_brand":[],"product_cat":[104],"product_tag":[],"class_list":{"0":"post-3504","1":"product","2":"type-product","3":"status-publish","4":"has-post-thumbnail","6":"product_cat-online-tecaji","8":"entry","9":"has-media","11":"first","12":"instock","13":"virtual","14":"taxable","15":"purchasable","16":"product-type-simple","17":"has-product-nav","18":"col","19":"span_1_of_4","20":"owp-content-center","21":"owp-thumbs-layout-horizontal","22":"owp-btn-normal","23":"owp-tabs-layout-horizontal","24":"has-no-thumbnails"},"_links":{"self":[{"href":"https:\/\/oduduwaeuropeshop.com\/sl\/wp-json\/wp\/v2\/product\/3504","targetHints":{"allow":["GET"]}}],"collection":[{"href":"https:\/\/oduduwaeuropeshop.com\/sl\/wp-json\/wp\/v2\/product"}],"about":[{"href":"https:\/\/oduduwaeuropeshop.com\/sl\/wp-json\/wp\/v2\/types\/product"}],"replies":[{"embeddable":true,"href":"https:\/\/oduduwaeuropeshop.com\/sl\/wp-json\/wp\/v2\/comments?post=3504"}],"wp:featuredmedia":[{"embeddable":true,"href":"https:\/\/oduduwaeuropeshop.com\/sl\/wp-json\/wp\/v2\/media\/3506"}],"wp:attachment":[{"href":"https:\/\/oduduwaeuropeshop.com\/sl\/wp-json\/wp\/v2\/media?parent=3504"}],"wp:term":[{"taxonomy":"product_brand","embeddable":true,"href":"https:\/\/oduduwaeuropeshop.com\/sl\/wp-json\/wp\/v2\/product_brand?post=3504"},{"taxonomy":"product_cat","embeddable":true,"href":"https:\/\/oduduwaeuropeshop.com\/sl\/wp-json\/wp\/v2\/product_cat?post=3504"},{"taxonomy":"product_tag","embeddable":true,"href":"https:\/\/oduduwaeuropeshop.com\/sl\/wp-json\/wp\/v2\/product_tag?post=3504"}],"curies":[{"name":"wp","href":"https:\/\/api.w.org\/{rel}","templated":true}]}}