{"id":750,"date":"2020-07-15T16:51:19","date_gmt":"2020-07-15T15:51:19","guid":{"rendered":"https:\/\/oduduwaeuropeshop.com\/product\/voscilnice-z-esujevo-podobo\/"},"modified":"2025-08-12T07:22:34","modified_gmt":"2025-08-12T06:22:34","slug":"esu-voscilnice","status":"publish","type":"product","link":"https:\/\/oduduwaeuropeshop.com\/sl\/izdelek\/esu-voscilnice\/","title":{"rendered":"Vo\u0161\u010dilnice z E\u0161ujevo podobo"},"content":{"rendered":"<p><strong>Vo\u0161\u010dilnice<\/strong><\/p>\n<p>Material: karton, papir, pavs papir<\/p>\n<p>Barva: rde\u010da, \u010drna, bela<\/p>\n<p>Dimenzije: 15,5 cm x 15,5 cm<\/p>\n<p>Motivi: 5 razli\u010dnih motivov ori\u0161e E\u0161u<\/p>\n<p>Paket vklju\u010duje:<\/p>\n<ul>\n<li>10 vo\u0161\u010dilnic (2 izvoda vsakega od 5 motivov)<\/li>\n<li>10 kuvert<\/li>\n<li>v spominski \u0161katli.<\/li>\n<\/ul>\n","protected":false},"excerpt":{"rendered":"<p>Z drzno barvno paleto in vpadljivimi vzorci bodo na\u0161e vo\u0161\u010dilnice zagotovo navdihnile \u017eivahno in duhovno podprto dopisovanje.<\/p>\n<p>Ori\u0161a E\u0161u je mojster sporazumevanja, ki ima mo\u010d, modrost in avtoriteto za komuniciranje s svetovi, ki segajo onkraj na\u0161ega, pri \u010demer podpira dialog med samimi bogovi ter med bogovi in ljudmi.<\/p>\n<p>V podporo jasnemu, daljnose\u017enemu in pogumnemu izra\u017eanju na\u0161 komplet vklju\u010duje 10 vo\u0161\u010dilnic (po 2 izvoda vsake od petih vo\u0161\u010dilnic) v spominski \u0161katli z 10 kuvertami.<\/p>\n","protected":false},"featured_media":1481,"comment_status":"open","ping_status":"closed","template":"","meta":{"ocean_post_layout":"","ocean_both_sidebars_style":"","ocean_both_sidebars_content_width":0,"ocean_both_sidebars_sidebars_width":0,"ocean_sidebar":"0","ocean_second_sidebar":"0","ocean_disable_margins":"enable","ocean_add_body_class":"","ocean_shortcode_before_top_bar":"","ocean_shortcode_after_top_bar":"","ocean_shortcode_before_header":"","ocean_shortcode_after_header":"","ocean_has_shortcode":"","ocean_shortcode_after_title":"","ocean_shortcode_before_footer_widgets":"","ocean_shortcode_after_footer_widgets":"","ocean_shortcode_before_footer_bottom":"","ocean_shortcode_after_footer_bottom":"","ocean_display_top_bar":"default","ocean_display_header":"default","ocean_header_style":"","ocean_center_header_left_menu":"0","ocean_custom_header_template":"0","ocean_custom_logo":0,"ocean_custom_retina_logo":0,"ocean_custom_logo_max_width":0,"ocean_custom_logo_tablet_max_width":0,"ocean_custom_logo_mobile_max_width":0,"ocean_custom_logo_max_height":0,"ocean_custom_logo_tablet_max_height":0,"ocean_custom_logo_mobile_max_height":0,"ocean_header_custom_menu":"0","ocean_menu_typo_font_family":"0","ocean_menu_typo_font_subset":"","ocean_menu_typo_font_size":0,"ocean_menu_typo_font_size_tablet":0,"ocean_menu_typo_font_size_mobile":0,"ocean_menu_typo_font_size_unit":"px","ocean_menu_typo_font_weight":"","ocean_menu_typo_font_weight_tablet":"","ocean_menu_typo_font_weight_mobile":"","ocean_menu_typo_transform":"","ocean_menu_typo_transform_tablet":"","ocean_menu_typo_transform_mobile":"","ocean_menu_typo_line_height":0,"ocean_menu_typo_line_height_tablet":0,"ocean_menu_typo_line_height_mobile":0,"ocean_menu_typo_line_height_unit":"","ocean_menu_typo_spacing":0,"ocean_menu_typo_spacing_tablet":0,"ocean_menu_typo_spacing_mobile":0,"ocean_menu_typo_spacing_unit":"","ocean_menu_link_color":"","ocean_menu_link_color_hover":"","ocean_menu_link_color_active":"","ocean_menu_link_background":"","ocean_menu_link_hover_background":"","ocean_menu_link_active_background":"","ocean_menu_social_links_bg":"","ocean_menu_social_hover_links_bg":"","ocean_menu_social_links_color":"","ocean_menu_social_hover_links_color":"","ocean_disable_title":"default","ocean_disable_heading":"default","ocean_post_title":"","ocean_post_subheading":"","ocean_post_title_style":"","ocean_post_title_background_color":"","ocean_post_title_background":0,"ocean_post_title_bg_image_position":"","ocean_post_title_bg_image_attachment":"","ocean_post_title_bg_image_repeat":"","ocean_post_title_bg_image_size":"","ocean_post_title_height":0,"ocean_post_title_bg_overlay":0.5,"ocean_post_title_bg_overlay_color":"","ocean_disable_breadcrumbs":"default","ocean_breadcrumbs_color":"","ocean_breadcrumbs_separator_color":"","ocean_breadcrumbs_links_color":"","ocean_breadcrumbs_links_hover_color":"","ocean_display_footer_widgets":"default","ocean_display_footer_bottom":"default","ocean_custom_footer_template":"0"},"product_brand":[],"product_cat":[102,176],"product_tag":[114,107],"class_list":{"0":"post-750","1":"product","2":"type-product","3":"status-publish","4":"has-post-thumbnail","6":"product_cat-esu-vedno-prvi","7":"product_cat-stationery","8":"product_tag-esu","9":"product_tag-voscilnice","11":"entry","12":"has-media","14":"first","15":"instock","16":"taxable","17":"shipping-taxable","18":"purchasable","19":"product-type-simple","20":"has-product-nav","21":"col","22":"span_1_of_4","23":"owp-content-center","24":"owp-thumbs-layout-horizontal","25":"owp-btn-normal","26":"owp-tabs-layout-horizontal"},"_links":{"self":[{"href":"https:\/\/oduduwaeuropeshop.com\/sl\/wp-json\/wp\/v2\/product\/750","targetHints":{"allow":["GET"]}}],"collection":[{"href":"https:\/\/oduduwaeuropeshop.com\/sl\/wp-json\/wp\/v2\/product"}],"about":[{"href":"https:\/\/oduduwaeuropeshop.com\/sl\/wp-json\/wp\/v2\/types\/product"}],"replies":[{"embeddable":true,"href":"https:\/\/oduduwaeuropeshop.com\/sl\/wp-json\/wp\/v2\/comments?post=750"}],"wp:featuredmedia":[{"embeddable":true,"href":"https:\/\/oduduwaeuropeshop.com\/sl\/wp-json\/wp\/v2\/media\/1481"}],"wp:attachment":[{"href":"https:\/\/oduduwaeuropeshop.com\/sl\/wp-json\/wp\/v2\/media?parent=750"}],"wp:term":[{"taxonomy":"product_brand","embeddable":true,"href":"https:\/\/oduduwaeuropeshop.com\/sl\/wp-json\/wp\/v2\/product_brand?post=750"},{"taxonomy":"product_cat","embeddable":true,"href":"https:\/\/oduduwaeuropeshop.com\/sl\/wp-json\/wp\/v2\/product_cat?post=750"},{"taxonomy":"product_tag","embeddable":true,"href":"https:\/\/oduduwaeuropeshop.com\/sl\/wp-json\/wp\/v2\/product_tag?post=750"}],"curies":[{"name":"wp","href":"https:\/\/api.w.org\/{rel}","templated":true}]}}